{"id":67,"date":"2024-11-16T10:54:45","date_gmt":"2024-11-16T10:54:45","guid":{"rendered":"https:\/\/www.indigoyelo.co.uk\/tr\/?page_id=67"},"modified":"2025-06-06T14:26:10","modified_gmt":"2025-06-06T14:26:10","slug":"hakkimizda","status":"publish","type":"page","link":"https:\/\/www.indigoyelo.co.uk\/tr\/index.php\/hakkimizda\/","title":{"rendered":"Hakk\u0131m\u0131zda"},"content":{"rendered":"<p>[et_pb_section fb_built=&#8221;1&#8243; admin_label=&#8221;Header &#038; Video&#8221; _builder_version=&#8221;4.27.4&#8243; _module_preset=&#8221;c35cf80c-97b8-4940-a56e-23517027c17a&#8221; background_color=&#8221;#f4f4f4&#8243; use_background_color_gradient=&#8221;off&#8221; min_height=&#8221;645.5px&#8221; border_style_top=&#8221;dashed&#8221; collapsed=&#8221;on&#8221;][et_pb_row _builder_version=&#8221;4.27.4&#8243; _module_preset=&#8221;default&#8221; width=&#8221;64.5%&#8221; custom_margin=&#8221;|auto||auto|false|false&#8221; custom_padding=&#8221;||||false|false&#8221; global_colors_info=&#8221;{}&#8221;][et_pb_column type=&#8221;4_4&#8243; _builder_version=&#8221;4.22.0&#8243; _module_preset=&#8221;default&#8221; global_colors_info=&#8221;{}&#8221;][et_pb_heading title=&#8221;Hakk\u0131m\u0131zda&#8221; _builder_version=&#8221;4.25.2&#8243; _module_preset=&#8221;bab1f5c2-711f-4a93-bd7d-56727e3a69e6&#8243; global_colors_info=&#8221;{}&#8221;][\/et_pb_heading][et_pb_heading title=&#8221;Bat\u0131 Londra&#8217;da bulunan \u00f6zel bir \u015firketiz ve m\u00fc\u015fteri taban\u0131m\u0131z Birle\u015fik Krall\u0131k, T\u00fcrkiye, Yunanistan, Dubai ve H\u0131rvatistan&#8217;a kadar uzan\u0131yor. Ekibimiz, \u00fcretim, turizm, finans, lojistik, h\u0131zl\u0131 t\u00fcketim \u00fcr\u00fcnleri (FMCG) ve daha pek \u00e7ok sekt\u00f6rde g\u00fc\u00e7l\u00fc \u00e7ok uluslu uzmanl\u0131klar\u0131yla i\u015fverenlere yard\u0131mc\u0131 olma ortak hedefiyle bir araya gelmi\u015f, deneyimli profesyonellerden olu\u015fmaktad\u0131r.&#8221; _builder_version=&#8221;4.27.4&#8243; _module_preset=&#8221;default&#8221; title_level=&#8221;h3&#8243; title_font_size=&#8221;27px&#8221; global_colors_info=&#8221;{}&#8221;][\/et_pb_heading][et_pb_heading _builder_version=&#8221;4.27.4&#8243; _module_preset=&#8221;650047b0-e1f0-47ce-a3d6-7ea6feb85d6b&#8221; title_level=&#8221;h3&#8243; title_font_size=&#8221;24px&#8221; custom_margin=&#8221;|-188px||||&#8221; global_colors_info=&#8221;{}&#8221;][\/et_pb_heading][\/et_pb_column][\/et_pb_row][et_pb_row column_structure=&#8221;2_5,3_5&#8243; _builder_version=&#8221;4.27.3&#8243; _module_preset=&#8221;default&#8221; global_colors_info=&#8221;{}&#8221;][et_pb_column type=&#8221;2_5&#8243; _builder_version=&#8221;4.22.0&#8243; _module_preset=&#8221;default&#8221; global_colors_info=&#8221;{}&#8221;][\/et_pb_column][et_pb_column type=&#8221;3_5&#8243; _builder_version=&#8221;4.22.0&#8243; _module_preset=&#8221;default&#8221; global_colors_info=&#8221;{}&#8221;][et_pb_image src=&#8221;https:\/\/www.indigoyelo.co.uk\/tr\/wp-content\/uploads\/2025\/06\/lon_128899739.png&#8221; title_text=&#8221;lon_128899739&#8243; _builder_version=&#8221;4.27.4&#8243; _module_preset=&#8221;default&#8221; width=&#8221;100%&#8221; min_height=&#8221;483px&#8221; max_height=&#8221;100px&#8221; custom_padding=&#8221;0px||0px|||&#8221; hover_enabled=&#8221;0&#8243; border_radii=&#8221;on|5px|5px|5px|5px&#8221; global_colors_info=&#8221;{}&#8221; sticky_enabled=&#8221;0&#8243;][\/et_pb_image][\/et_pb_column][\/et_pb_row][\/et_pb_section][et_pb_section fb_built=&#8221;1&#8243; admin_label=&#8221;Services&#8221; _builder_version=&#8221;4.27.3&#8243; _module_preset=&#8221;b4e3e9f8-462f-40de-91d8-478c8fb4f7b0&#8243; background_color=&#8221;#000038&#8243; use_background_color_gradient=&#8221;on&#8221; background_enable_mask_style=&#8221;on&#8221; background_mask_style=&#8221;honeycomb&#8221; background_mask_color=&#8221;#0d003d&#8221; min_height=&#8221;805.1px&#8221; custom_margin=&#8221;-366px|||||&#8221; collapsed=&#8221;on&#8221; global_colors_info=&#8221;{}&#8221;][et_pb_row _builder_version=&#8221;4.22.0&#8243; _module_preset=&#8221;default&#8221; locked=&#8221;off&#8221; global_colors_info=&#8221;{}&#8221;][et_pb_column type=&#8221;4_4&#8243; _builder_version=&#8221;4.22.0&#8243; _module_preset=&#8221;default&#8221; global_colors_info=&#8221;{}&#8221;][et_pb_heading title=&#8221;Yakla\u015f\u0131m\u0131m\u0131z&#8221; _builder_version=&#8221;4.27.4&#8243; _module_preset=&#8221;7571ceed-e11d-4017-aca7-e69ffa9bb732&#8243; title_text_color=&#8221;gcid-primary-color&#8221; global_colors_info=&#8221;{%22gcid-primary-color%22:%91%22title_text_color%22%93}&#8221;][\/et_pb_heading][et_pb_heading title=&#8221;Ki\u015fiselle\u015ftirilmi\u015f \u00c7\u00f6z\u00fcmlerle Ba\u015far\u0131n\u0131z\u0131 G\u00fc\u00e7lendirme&#8221; _builder_version=&#8221;4.25.2&#8243; _module_preset=&#8221;74cd5324-0710-481e-b08d-c5eb62ab2e27&#8243; title_level=&#8221;h2&#8243; title_text_color=&#8221;gcid-86e3b58b-8290-40f1-88ab-dd0e5cfed1b9&#8243; max_width=&#8221;800px&#8221; global_colors_info=&#8221;{%22gcid-0cddd2b1-8b06-4d9a-ae17-1cfad24229a1%22:%91%22quote_border_color%22%93,%22gcid-86e3b58b-8290-40f1-88ab-dd0e5cfed1b9%22:%91%22title_text_color%22%93}&#8221;][\/et_pb_heading][\/et_pb_column][\/et_pb_row][et_pb_row column_structure=&#8221;1_2,1_4,1_4&#8243; make_equal=&#8221;on&#8221; _builder_version=&#8221;4.25.2&#8243; _module_preset=&#8221;default&#8221; locked=&#8221;off&#8221; global_colors_info=&#8221;{}&#8221;][et_pb_column type=&#8221;1_2&#8243; _builder_version=&#8221;4.25.2&#8243; _module_preset=&#8221;0e63fe7e-9745-4e68-89e6-432c4ffd9167&#8243; global_colors_info=&#8221;{}&#8221;][et_pb_text _builder_version=&#8221;4.27.3&#8243; _module_preset=&#8221;2c55a9c4-feed-423b-9edb-ae0b5b365cac&#8221; global_colors_info=&#8221;{%22gcid-0cddd2b1-8b06-4d9a-ae17-1cfad24229a1%22:%91%22quote_border_color%22%93,%22gcid-secondary-color%22:%91%22quote_border_color%22,%22link_text_color%22%93}&#8221;]<\/p>\n<p>Her i\u015fletmenin kendine \u00f6zg\u00fc yap\u0131s\u0131n\u0131, benzersiz f\u0131rsatlar\u0131n\u0131 ve zorluklar\u0131n\u0131 anl\u0131yoruz. Yakla\u015f\u0131m\u0131m\u0131z, sizin \u00f6zel ihtiya\u00e7lar\u0131n\u0131z\u0131, hedeflerinizi ve engellerinizi derinlemesine anlamaya odaklanm\u0131\u015ft\u0131r. \u00c7al\u0131\u015fan s\u00f6zle\u015fmeleri ve el kitaplar\u0131 yaz\u0131m\u0131, i\u015f hukuku ve prosed\u00fcrleri dan\u0131\u015fmanl\u0131\u011f\u0131, performans ve devams\u0131zl\u0131k y\u00f6netimi gibi \u00e7e\u015fitli insan kaynaklar\u0131yla ilgili hizmetler sunuyoruz.<\/p>\n<p>[\/et_pb_text][\/et_pb_column][et_pb_column type=&#8221;1_4&#8243; _builder_version=&#8221;4.25.2&#8243; _module_preset=&#8221;e6763dee-51c3-4124-8c6f-fd2b14e7385c&#8221; background_image=&#8221;https:\/\/www.indigoyelo.co.uk\/tr\/wp-content\/uploads\/2024\/11\/consulting-7.jpg&#8221; global_colors_info=&#8221;{}&#8221;][et_pb_divider show_divider=&#8221;off&#8221; _builder_version=&#8221;4.22.0&#8243; _module_preset=&#8221;default&#8221; height_tablet=&#8221;40vw&#8221; height_phone=&#8221;40vw&#8221; height_last_edited=&#8221;on|desktop&#8221; locked=&#8221;off&#8221; global_colors_info=&#8221;{}&#8221;][\/et_pb_divider][\/et_pb_column][et_pb_column type=&#8221;1_4&#8243; _builder_version=&#8221;4.25.2&#8243; _module_preset=&#8221;e6763dee-51c3-4124-8c6f-fd2b14e7385c&#8221; background_image=&#8221;https:\/\/www.indigoyelo.co.uk\/tr\/wp-content\/uploads\/2024\/11\/consulting-13.jpg&#8221; global_colors_info=&#8221;{}&#8221;][et_pb_divider show_divider=&#8221;off&#8221; _builder_version=&#8221;4.22.0&#8243; _module_preset=&#8221;default&#8221; height_tablet=&#8221;40vw&#8221; height_phone=&#8221;40vw&#8221; height_last_edited=&#8221;on|desktop&#8221; locked=&#8221;off&#8221; global_colors_info=&#8221;{}&#8221;][\/et_pb_divider][\/et_pb_column][\/et_pb_row][\/et_pb_section][et_pb_section fb_built=&#8221;1&#8243; admin_label=&#8221;Team&#8221; _builder_version=&#8221;4.25.2&#8243; _module_preset=&#8221;d04d659d-381a-431d-b0ad-690494db0563&#8243; locked=&#8221;off&#8221; collapsed=&#8221;on&#8221; global_colors_info=&#8221;{}&#8221;][et_pb_row _builder_version=&#8221;4.22.0&#8243; _module_preset=&#8221;default&#8221; global_colors_info=&#8221;{}&#8221;][et_pb_column type=&#8221;4_4&#8243; _builder_version=&#8221;4.22.0&#8243; _module_preset=&#8221;default&#8221; global_colors_info=&#8221;{}&#8221;][et_pb_heading title=&#8221;DANI\u015eMANLIK&#8221; _builder_version=&#8221;4.27.4&#8243; _module_preset=&#8221;7571ceed-e11d-4017-aca7-e69ffa9bb732&#8243; title_text_color=&#8221;gcid-primary-color&#8221; global_colors_info=&#8221;{%22gcid-primary-color%22:%91%22title_text_color%22%93}&#8221;][\/et_pb_heading][et_pb_heading title=&#8221;Ba\u015far\u0131n\u0131z \u0130\u00e7in Buraday\u0131z&#8221; _builder_version=&#8221;4.25.2&#8243; _module_preset=&#8221;74cd5324-0710-481e-b08d-c5eb62ab2e27&#8243; max_width=&#8221;800px&#8221; global_colors_info=&#8221;{}&#8221;][\/et_pb_heading][\/et_pb_column][\/et_pb_row][et_pb_row column_structure=&#8221;2_5,3_5&#8243; _builder_version=&#8221;4.27.3&#8243; _module_preset=&#8221;default&#8221; min_height=&#8221;456.9px&#8221; custom_margin=&#8221;4px|auto||auto|false|false&#8221; custom_padding=&#8221;4px||0px|21px|false|false&#8221; global_colors_info=&#8221;{}&#8221;][et_pb_column type=&#8221;2_5&#8243; _builder_version=&#8221;4.27.3&#8243; _module_preset=&#8221;default&#8221; custom_padding=&#8221;|||10px|false|false&#8221; global_colors_info=&#8221;{}&#8221;][et_pb_divider show_divider=&#8221;off&#8221; _builder_version=&#8221;4.27.3&#8243; _module_preset=&#8221;default&#8221; background_color=&#8221;gcid-primary-color&#8221; positioning=&#8221;absolute&#8221; width=&#8221;49%&#8221; height=&#8221;50%&#8221; max_height=&#8221;521px&#8221; custom_margin=&#8221;46px|||70px|false|false&#8221; custom_padding=&#8221;|||0px|false|false&#8221; border_radii=&#8221;on|500px|500px|500px|500px&#8221; locked=&#8221;off&#8221; global_colors_info=&#8221;{%22gcid-primary-color%22:%91%22background_color%22%93}&#8221;][\/et_pb_divider][et_pb_image src=&#8221;https:\/\/www.indigoyelo.co.uk\/tr\/wp-content\/uploads\/2024\/11\/nakyuz_-217&#215;300.jpg&#8221; title_text=&#8221;nakyuz_&#8221; _builder_version=&#8221;4.27.4&#8243; _module_preset=&#8221;default&#8221; custom_margin=&#8221;||13px|||&#8221; border_radii=&#8221;on|20px|20px|20px|20px&#8221; global_colors_info=&#8221;{}&#8221;][\/et_pb_image][et_pb_heading title=&#8221;Nilgun Akyuz&#8221; _builder_version=&#8221;4.27.3&#8243; _module_preset=&#8221;26f7f692-2fae-436e-9c00-92ad21fdc517&#8243; title_text_align=&#8221;center&#8221; custom_margin=&#8221;||0px||false|false&#8221; custom_padding=&#8221;3px|65px|3px||false|false&#8221; global_colors_info=&#8221;{}&#8221;][\/et_pb_heading][et_pb_text _builder_version=&#8221;4.27.4&#8243; _module_preset=&#8221;56a7a00e-05b1-46a4-a3c1-3af711be6ff5&#8243; text_orientation=&#8221;center&#8221; min_height=&#8221;6.8px&#8221; custom_margin=&#8221;-14px|0px|||false|false&#8221; custom_padding=&#8221;5px|65px|6px||false|false&#8221; global_colors_info=&#8221;{%22gcid-0cddd2b1-8b06-4d9a-ae17-1cfad24229a1%22:%91%22link_text_color%22%93,%22gcid-secondary-color%22:%91%22link_text_color%22,%22quote_border_color%22%93}&#8221;]<\/p>\n<p>Ba\u015f Dan\u0131\u015fman<\/p>\n<p>[\/et_pb_text][\/et_pb_column][et_pb_column type=&#8221;3_5&#8243; _builder_version=&#8221;4.27.3&#8243; _module_preset=&#8221;default&#8221; vertical_offset=&#8221;44px&#8221; horizontal_offset=&#8221;-4px&#8221; global_colors_info=&#8221;{}&#8221;][et_pb_heading title=&#8221;Indigo Yelo Dan\u0131\u015fmanl\u0131k&#8217;\u0131n kurucusu ve ba\u015f dan\u0131\u015fman\u0131 Nilg\u00fcn Aky\u00fcz, kariyerini organizasyonlar\u0131n insan sermayelerini optimize etmelerine yard\u0131mc\u0131 olmaya adam\u0131\u015ft\u0131r. Mart 2021&#8217;den bu yana, yeni ba\u015flayan giri\u015fimlerden k\u00f6kl\u00fc i\u015fletmelere kadar \u00e7e\u015fitli i\u015fletmelere dan\u0131\u015fmanl\u0131k hizmetleri sunmakta ve etkili \u0130K stratejileri arac\u0131l\u0131\u011f\u0131yla hedeflerine ula\u015fmalar\u0131n\u0131 sa\u011flamaktad\u0131r. Nilg\u00fcn\u2019\u00fcn uzmanl\u0131\u011f\u0131, birden fazla sekt\u00f6r\u00fc kapsamakta olup, her m\u00fc\u015fterinin \u00f6zel ihtiya\u00e7lar\u0131na uygun \u00e7\u00f6z\u00fcmler sunmas\u0131na olanak tan\u0131r.&#8221; _builder_version=&#8221;4.27.3&#8243; _module_preset=&#8221;26f7f692-2fae-436e-9c00-92ad21fdc517&#8243; title_text_align=&#8221;left&#8221; width=&#8221;100%&#8221; custom_margin=&#8221;0px||0px||false|false&#8221; custom_padding=&#8221;|||0px||&#8221; locked=&#8221;off&#8221; global_colors_info=&#8221;{}&#8221;][\/et_pb_heading][\/et_pb_column][\/et_pb_row][\/et_pb_section]<\/p>\n","protected":false},"excerpt":{"rendered":"<p>Her i\u015fletmenin kendine \u00f6zg\u00fc yap\u0131s\u0131n\u0131, benzersiz f\u0131rsatlar\u0131n\u0131 ve zorluklar\u0131n\u0131 anl\u0131yoruz. Yakla\u015f\u0131m\u0131m\u0131z, sizin \u00f6zel ihtiya\u00e7lar\u0131n\u0131z\u0131, hedeflerinizi ve engellerinizi derinlemesine anlamaya odaklanm\u0131\u015ft\u0131r. \u00c7al\u0131\u015fan s\u00f6zle\u015fmeleri ve el kitaplar\u0131 yaz\u0131m\u0131, i\u015f hukuku ve prosed\u00fcrleri dan\u0131\u015fmanl\u0131\u011f\u0131, performans ve devams\u0131zl\u0131k y\u00f6netimi gibi \u00e7e\u015fitli insan kaynaklar\u0131yla ilgili hizmetler sunuyoruz.Ba\u015f Dan\u0131\u015fman<\/p>\n","protected":false},"author":1,"featured_media":0,"parent":0,"menu_order":0,"comment_status":"closed","ping_status":"closed","template":"","meta":{"_et_pb_use_builder":"on","_et_pb_old_content":"","_et_gb_content_width":"","footnotes":""},"class_list":["post-67","page","type-page","status-publish","hentry"],"_links":{"self":[{"href":"https:\/\/www.indigoyelo.co.uk\/tr\/index.php\/wp-json\/wp\/v2\/pages\/67","targetHints":{"allow":["GET"]}}],"collection":[{"href":"https:\/\/www.indigoyelo.co.uk\/tr\/index.php\/wp-json\/wp\/v2\/pages"}],"about":[{"href":"https:\/\/www.indigoyelo.co.uk\/tr\/index.php\/wp-json\/wp\/v2\/types\/page"}],"author":[{"embeddable":true,"href":"https:\/\/www.indigoyelo.co.uk\/tr\/index.php\/wp-json\/wp\/v2\/users\/1"}],"replies":[{"embeddable":true,"href":"https:\/\/www.indigoyelo.co.uk\/tr\/index.php\/wp-json\/wp\/v2\/comments?post=67"}],"version-history":[{"count":58,"href":"https:\/\/www.indigoyelo.co.uk\/tr\/index.php\/wp-json\/wp\/v2\/pages\/67\/revisions"}],"predecessor-version":[{"id":368251,"href":"https:\/\/www.indigoyelo.co.uk\/tr\/index.php\/wp-json\/wp\/v2\/pages\/67\/revisions\/368251"}],"wp:attachment":[{"href":"https:\/\/www.indigoyelo.co.uk\/tr\/index.php\/wp-json\/wp\/v2\/media?parent=67"}],"curies":[{"name":"wp","href":"https:\/\/api.w.org\/{rel}","templated":true}]}}