{"id":77,"date":"2024-11-16T10:54:45","date_gmt":"2024-11-16T10:54:45","guid":{"rendered":"https:\/\/www.indigoyelo.co.uk\/tr\/?page_id=77"},"modified":"2025-06-06T14:32:57","modified_gmt":"2025-06-06T14:32:57","slug":"hizmetler","status":"publish","type":"page","link":"https:\/\/www.indigoyelo.co.uk\/tr\/index.php\/hizmetler\/","title":{"rendered":"Hizmetler"},"content":{"rendered":"<p>[et_pb_section fb_built=&#8221;1&#8243; admin_label=&#8221;Services&#8221; _builder_version=&#8221;4.27.4&#8243; _module_preset=&#8221;default&#8221; background_color=&#8221;gcid-3cfc8c0c-5557-4a5d-9dab-24e78d615311&#8243; collapsed=&#8221;on&#8221; global_colors_info=&#8221;{%22gcid-3cfc8c0c-5557-4a5d-9dab-24e78d615311%22:%91%22background_color%22%93}&#8221;][et_pb_row _builder_version=&#8221;4.22.0&#8243; _module_preset=&#8221;default&#8221; locked=&#8221;off&#8221; global_colors_info=&#8221;{}&#8221;][et_pb_column type=&#8221;4_4&#8243; _builder_version=&#8221;4.22.0&#8243; _module_preset=&#8221;default&#8221; global_colors_info=&#8221;{}&#8221;][et_pb_heading title=&#8221;Hizmetlerimiz&#8221; _builder_version=&#8221;4.27.4&#8243; _module_preset=&#8221;7571ceed-e11d-4017-aca7-e69ffa9bb732&#8243; title_text_color=&#8221;#0C71C3&#8243; global_colors_info=&#8221;{}&#8221;][\/et_pb_heading][et_pb_heading title=&#8221;Potansiyelinizi Ortaya \u00c7\u0131kar\u0131n&#8221; _builder_version=&#8221;4.25.2&#8243; _module_preset=&#8221;bab1f5c2-711f-4a93-bd7d-56727e3a69e6&#8243; locked=&#8221;off&#8221; global_colors_info=&#8221;{}&#8221;][\/et_pb_heading][\/et_pb_column][\/et_pb_row][et_pb_row column_structure=&#8221;1_3,1_3,1_3&#8243; make_equal=&#8221;on&#8221; custom_padding_last_edited=&#8221;on|desktop&#8221; _builder_version=&#8221;4.27.4&#8243; _module_preset=&#8221;default&#8221; custom_padding_tablet=&#8221;||0px||false|false&#8221; custom_padding_phone=&#8221;||0px||false|false&#8221; locked=&#8221;off&#8221; global_colors_info=&#8221;{}&#8221;][et_pb_column type=&#8221;1_3&#8243; _builder_version=&#8221;4.27.4&#8243; _module_preset=&#8221;e6763dee-51c3-4124-8c6f-fd2b14e7385c&#8221; background_color=&#8221;RGBA(61,115,255,0.41)&#8221; global_colors_info=&#8221;{}&#8221;][et_pb_icon font_icon=&#8221;&#xe109;||divi||400&#8243; icon_color=&#8221;#2348a0&#8243; _builder_version=&#8221;4.27.3&#8243; _module_preset=&#8221;fee88b74-698b-4a2a-9f97-9df20949ecc9&#8243; locked=&#8221;off&#8221; global_colors_info=&#8221;{}&#8221;][\/et_pb_icon][et_pb_heading title=&#8221;\u0130nsan Kaynaklar\u0131 Sistemlerinin Uygulanmas\u0131 ve Yeniden Tasarlanmas\u0131&#8221; _builder_version=&#8221;4.27.3&#8243; _module_preset=&#8221;26f7f692-2fae-436e-9c00-92ad21fdc517&#8243; custom_margin=&#8221;||10px||false|false&#8221; global_colors_info=&#8221;{}&#8221;][\/et_pb_heading][et_pb_text _builder_version=&#8221;4.25.2&#8243; _module_preset=&#8221;2c55a9c4-feed-423b-9edb-ae0b5b365cac&#8221; global_colors_info=&#8221;{}&#8221;]<\/p>\n<p>Dan\u0131\u015fmanlar\u0131m\u0131z, yasal uyumlulu\u011funuzu, politika ve prosed\u00fcrlerinizi, i\u015fe al\u0131m ve se\u00e7im s\u00fcre\u00e7lerinizi, \u00e7al\u0131\u015fan performans y\u00f6netiminizi ve \u00fccretlendirme ile yan haklar\u0131n\u0131z\u0131, dahili bir \u0130K fonksiyonuna benzer maliyetlerle y\u00f6netmenize yard\u0131mc\u0131 olur.<\/p>\n<p>[\/et_pb_text][\/et_pb_column][et_pb_column type=&#8221;1_3&#8243; _builder_version=&#8221;4.27.4&#8243; _module_preset=&#8221;e6763dee-51c3-4124-8c6f-fd2b14e7385c&#8221; background_color=&#8221;RGBA(61,115,255,0.41)&#8221; global_colors_info=&#8221;{%22gcid-primary-color%22:%91%22background_color%22%93}&#8221;][et_pb_icon font_icon=&#8221;&#xe087;||divi||400&#8243; icon_color=&#8221;#2348a0&#8243; _builder_version=&#8221;4.27.4&#8243; _module_preset=&#8221;fee88b74-698b-4a2a-9f97-9df20949ecc9&#8243; hover_enabled=&#8221;0&#8243; locked=&#8221;off&#8221; global_colors_info=&#8221;{%22gcid-primary-color%22:%91%22background_color%22%93}&#8221; background_enable_color=&#8221;off&#8221; sticky_enabled=&#8221;0&#8243;][\/et_pb_icon][et_pb_heading title=&#8221;\u00c7al\u0131\u015fan El Kitab\u0131 Geli\u015ftirme&#8221; _builder_version=&#8221;4.27.4&#8243; _module_preset=&#8221;26f7f692-2fae-436e-9c00-92ad21fdc517&#8243; custom_margin=&#8221;||10px||false|false&#8221; locked=&#8221;off&#8221; global_colors_info=&#8221;{}&#8221;][\/et_pb_heading][et_pb_text _builder_version=&#8221;4.25.2&#8243; _module_preset=&#8221;2c55a9c4-feed-423b-9edb-ae0b5b365cac&#8221; global_colors_info=&#8221;{}&#8221;]<\/p>\n<p>\u00c7al\u0131\u015fan ve i\u015fveren aras\u0131ndaki g\u00fcnl\u00fck ileti\u015fimleri y\u00f6nlendiren y\u00f6nergeleri belirleyen bir \u00e7al\u0131\u015fan el kitab\u0131 geli\u015ftiriyoruz. Bu el kitab\u0131, olas\u0131 yanl\u0131\u015f anlamalar\u0131 ve potansiyel \u00e7at\u0131\u015fmalar\u0131 en aza indirmeye hizmet edecektir.<\/p>\n<p>[\/et_pb_text][\/et_pb_column][et_pb_column type=&#8221;1_3&#8243; _builder_version=&#8221;4.27.4&#8243; _module_preset=&#8221;e6763dee-51c3-4124-8c6f-fd2b14e7385c&#8221; background_color=&#8221;RGBA(61,115,255,0.41)&#8221; global_colors_info=&#8221;{%22gcid-primary-color%22:%91%22background_color%22%93}&#8221;][et_pb_icon font_icon=&#8221;&#xe0e0;||divi||400&#8243; icon_color=&#8221;#2348a0&#8243; _builder_version=&#8221;4.27.3&#8243; _module_preset=&#8221;fee88b74-698b-4a2a-9f97-9df20949ecc9&#8243; locked=&#8221;off&#8221; global_colors_info=&#8221;{}&#8221;][\/et_pb_icon][et_pb_heading title=&#8221;\u0130\u015f Tan\u0131mlar\u0131 Geli\u015ftirme&#8221; _builder_version=&#8221;4.27.4&#8243; _module_preset=&#8221;26f7f692-2fae-436e-9c00-92ad21fdc517&#8243; custom_margin=&#8221;||10px||false|false&#8221; locked=&#8221;off&#8221; global_colors_info=&#8221;{}&#8221;][\/et_pb_heading][et_pb_text _builder_version=&#8221;4.25.2&#8243; _module_preset=&#8221;2c55a9c4-feed-423b-9edb-ae0b5b365cac&#8221; global_colors_info=&#8221;{}&#8221;]<\/p>\n<p>Indigo Yelo Dan\u0131\u015fmanl\u0131k, organizasyondaki rol gereksinimlerini belirleyen ve bu role ait i\u015f tan\u0131m\u0131n\u0131 ve e\u015f zamanl\u0131 beceri gereksinimlerini geli\u015ftiren ve tasarlayan kapsaml\u0131 bir hizmet sunar.<\/p>\n<p>[\/et_pb_text][\/et_pb_column][\/et_pb_row][et_pb_row column_structure=&#8221;1_3,1_3,1_3&#8243; make_equal=&#8221;on&#8221; _builder_version=&#8221;4.27.4&#8243; _module_preset=&#8221;default&#8221; locked=&#8221;off&#8221; global_colors_info=&#8221;{}&#8221;][et_pb_column type=&#8221;1_3&#8243; _builder_version=&#8221;4.27.4&#8243; _module_preset=&#8221;e6763dee-51c3-4124-8c6f-fd2b14e7385c&#8221; background_color=&#8221;RGBA(61,115,255,0.41)&#8221; global_colors_info=&#8221;{%22gcid-primary-color%22:%91%22background_color%22%93}&#8221;][et_pb_icon font_icon=&#8221;&#xf183;||fa||900&#8243; icon_color=&#8221;#2348a0&#8243; _builder_version=&#8221;4.27.3&#8243; _module_preset=&#8221;fee88b74-698b-4a2a-9f97-9df20949ecc9&#8243; locked=&#8221;off&#8221; global_colors_info=&#8221;{}&#8221;][\/et_pb_icon][et_pb_heading title=&#8221;\u0130\u015fe Al\u0131m Hizmetleri&#8221; _builder_version=&#8221;4.27.4&#8243; _module_preset=&#8221;26f7f692-2fae-436e-9c00-92ad21fdc517&#8243; custom_margin=&#8221;||10px||false|false&#8221; locked=&#8221;off&#8221; global_colors_info=&#8221;{}&#8221;][\/et_pb_heading][et_pb_text _builder_version=&#8221;4.25.2&#8243; _module_preset=&#8221;2c55a9c4-feed-423b-9edb-ae0b5b365cac&#8221; global_colors_info=&#8221;{}&#8221;]<\/p>\n<p><span>En iyi yetenekleri \u00e7ekmek ve elde tutmak, \u015firketlerin ba\u015far\u0131s\u0131 i\u00e7in hayati \u00f6neme sahiptir. Deneyimli ekibimiz, yetenek ihtiya\u00e7lar\u0131n\u0131z i\u00e7in haz\u0131r.<\/span><\/p>\n<p>[\/et_pb_text][\/et_pb_column][et_pb_column type=&#8221;1_3&#8243; _builder_version=&#8221;4.27.4&#8243; _module_preset=&#8221;e6763dee-51c3-4124-8c6f-fd2b14e7385c&#8221; background_color=&#8221;RGBA(61,115,255,0.41)&#8221; global_colors_info=&#8221;{%22gcid-primary-color%22:%91%22background_color%22%93}&#8221;][et_pb_icon font_icon=&#8221;&#xf007;||fa||400&#8243; icon_color=&#8221;#2348a0&#8243; _builder_version=&#8221;4.27.3&#8243; _module_preset=&#8221;fee88b74-698b-4a2a-9f97-9df20949ecc9&#8243; locked=&#8221;off&#8221; global_colors_info=&#8221;{}&#8221;][\/et_pb_icon][et_pb_heading title=&#8221;Kariyer Ko\u00e7lu\u011fu&#8221; _builder_version=&#8221;4.27.4&#8243; _module_preset=&#8221;26f7f692-2fae-436e-9c00-92ad21fdc517&#8243; custom_margin=&#8221;||10px||false|false&#8221; locked=&#8221;off&#8221; global_colors_info=&#8221;{}&#8221;][\/et_pb_heading][et_pb_text _builder_version=&#8221;4.27.4&#8243; _module_preset=&#8221;2c55a9c4-feed-423b-9edb-ae0b5b365cac&#8221; global_colors_info=&#8221;{}&#8221;]<\/p>\n<p>Kariyer ko\u00e7lu\u011fu, ki\u015filerin mesleklerinde daha fazla tatmin bulmalar\u0131na yard\u0131mc\u0131 olan bir ki\u015fisel ko\u00e7luk t\u00fcr\u00fcd\u00fcr. Bu, profesyonel hedefler belirlemek, bir plan olu\u015fturmak ve yolda olabilecek engelleri a\u015fmak yoluyla ger\u00e7ekle\u015ftirilir.<\/p>\n<p>[\/et_pb_text][\/et_pb_column][et_pb_column type=&#8221;1_3&#8243; _builder_version=&#8221;4.27.4&#8243; _module_preset=&#8221;e6763dee-51c3-4124-8c6f-fd2b14e7385c&#8221; background_color=&#8221;RGBA(61,115,255,0.41)&#8221; global_colors_info=&#8221;{%22gcid-primary-color%22:%91%22background_color%22%93}&#8221;][et_pb_icon font_icon=&#8221;&#xf0ae;||fa||900&#8243; icon_color=&#8221;#2348a0&#8243; _builder_version=&#8221;4.27.3&#8243; _module_preset=&#8221;fee88b74-698b-4a2a-9f97-9df20949ecc9&#8243; locked=&#8221;off&#8221; global_colors_info=&#8221;{}&#8221;][\/et_pb_icon][et_pb_heading title=&#8221;\u0130\u015f Analizi&#8221; _builder_version=&#8221;4.27.4&#8243; _module_preset=&#8221;26f7f692-2fae-436e-9c00-92ad21fdc517&#8243; custom_margin=&#8221;||10px||false|false&#8221; locked=&#8221;off&#8221; global_colors_info=&#8221;{}&#8221;][\/et_pb_heading][et_pb_text _builder_version=&#8221;4.27.4&#8243; _module_preset=&#8221;2c55a9c4-feed-423b-9edb-ae0b5b365cac&#8221; custom_padding=&#8221;6px||0px|||&#8221; global_colors_info=&#8221;{}&#8221;]<\/p>\n<p>\u0130\u015f analizi, bir i\u015fin niteli\u011fi, gerekli nitelikler ve yeterlilikler, i\u015f i\u00e7in gereken fiziksel ve zihinsel yetenekler, g\u00f6revler ve sorumluluklar ile i\u015fi ger\u00e7ekle\u015ftirmek i\u00e7in gereken fiziksel ve zihinsel \u00e7aba hakk\u0131nda bilgi toplayan sistematik bir s\u00fcre\u00e7tir.<\/p>\n<p>[\/et_pb_text][\/et_pb_column][\/et_pb_row][\/et_pb_section][et_pb_section fb_built=&#8221;1&#8243; admin_label=&#8221;Feature&#8221; _builder_version=&#8221;4.27.4&#8243; _module_preset=&#8221;default&#8221; background_color=&#8221;gcid-3cfc8c0c-5557-4a5d-9dab-24e78d615311&#8243; collapsed=&#8221;on&#8221; global_colors_info=&#8221;{%22gcid-3cfc8c0c-5557-4a5d-9dab-24e78d615311%22:%91%22background_color%22%93}&#8221;][et_pb_row column_structure=&#8221;1_2,1_2&#8243; _builder_version=&#8221;4.27.3&#8243; _module_preset=&#8221;default&#8221; global_colors_info=&#8221;{}&#8221;][et_pb_column type=&#8221;1_2&#8243; _builder_version=&#8221;4.27.3&#8243; _module_preset=&#8221;default&#8221; custom_padding=&#8221;0px||||false|false&#8221; global_colors_info=&#8221;{}&#8221;][et_pb_heading title=&#8221;Birlikte Ba\u015far\u0131ya Ula\u015fma S\u00fcrecimiz&#8221; _builder_version=&#8221;4.27.4&#8243; _module_preset=&#8221;74cd5324-0710-481e-b08d-c5eb62ab2e27&#8243; custom_margin=&#8221;||10px||false|false&#8221; global_colors_info=&#8221;{}&#8221;][\/et_pb_heading][et_pb_accordion icon_color=&#8221;#c4dced&#8221; _builder_version=&#8221;4.27.4&#8243; _module_preset=&#8221;default&#8221; global_colors_info=&#8221;{%22gcid-0cddd2b1-8b06-4d9a-ae17-1cfad24229a1%22:%91%22quote_border_color%22,%22quote_border_color%22,%22quote_border_color%22,%22quote_border_color%22,%22quote_border_color%22,%22quote_border_color%22,%22quote_border_color%22,%22quote_border_color%22,%22quote_border_color%22,%22quote_border_color%22,%22quote_border_color%22%93,%22gcid-7b51ca68-2041-4d4c-8aa9-1da49a79baed%22:%91%22border_color_all%22,%22border_color_all%22,%22border_color_all%22,%22border_color_all%22,%22border_color_all%22,%22border_color_all%22,%22border_color_all%22,%22border_color_all%22,%22border_color_all%22,%22border_color_all%22,%22border_color_all%22%93,%22gcid-heading-color%22:%91%22toggle_text_color%22,%22toggle_text_color%22,%22toggle_text_color%22,%22toggle_text_color%22,%22toggle_text_color%22,%22toggle_text_color%22,%22toggle_text_color%22,%22toggle_text_color%22,%22toggle_text_color%22,%22toggle_text_color%22,%22toggle_text_color%22%93,%22gcid-primary-color%22:%91%22icon_color%22,%22icon_color%22,%22icon_color%22,%22icon_color%22,%22icon_color%22,%22icon_color%22,%22icon_color%22,%22icon_color%22%93}&#8221;][et_pb_accordion_item title=&#8221;\u0130htiya\u00e7lar\u0131n\u0131z\u0131 Anlamak&#8221; open=&#8221;on&#8221; _builder_version=&#8221;4.27.4&#8243; _module_preset=&#8221;default&#8221; global_colors_info=&#8221;{}&#8221;]<\/p>\n<p>Organizasyonunuzu, hedeflerinizi, zorluklar\u0131n\u0131z\u0131 ve \u00f6zel \u0130K ihtiya\u00e7lar\u0131n\u0131z\u0131 anlamak i\u00e7in ba\u015flang\u0131\u00e7ta bir dan\u0131\u015fma toplant\u0131s\u0131 d\u00fczenliyoruz. Bu toplant\u0131, hayati bilgileri toplamak ve \u0130K stratejilerinizi geli\u015ftirmeye y\u00f6nelik i\u015f birli\u011fimiz i\u00e7in sa\u011flam bir temel olu\u015fturmak a\u00e7\u0131s\u0131ndan \u00f6nemlidir.<\/p>\n<p>[\/et_pb_accordion_item][et_pb_accordion_item title=&#8221;F\u0131rsatlar\u0131 ve Zorluklar\u0131 Belirleme&#8221; _builder_version=&#8221;4.27.4&#8243; _module_preset=&#8221;default&#8221; global_colors_info=&#8221;{}&#8221; open=&#8221;off&#8221;]<\/p>\n<p>Organizasyonunuzun kapsaml\u0131 bir analizini yaparak, organizasyonel verimlili\u011fi art\u0131rma ve \u00e7al\u0131\u015fan ba\u011fl\u0131l\u0131\u011f\u0131n\u0131 g\u00fc\u00e7lendirme f\u0131rsatlar\u0131n\u0131 belirliyoruz. Bu sayede i\u015f g\u00fcc\u00fcn\u00fcz\u00fcn g\u00fc\u00e7l\u00fc y\u00f6nlerinden tam anlam\u0131yla yararlanabilir, genel ba\u015far\u0131 ve verimlili\u011fi art\u0131rabilirsiniz.<\/p>\n<p>[\/et_pb_accordion_item][et_pb_accordion_item title=&#8221;Strateji Geli\u015ftirme&#8221; _builder_version=&#8221;4.27.4&#8243; _module_preset=&#8221;default&#8221; global_colors_info=&#8221;{}&#8221; open=&#8221;off&#8221;]<\/p>\n<p>Yapt\u0131\u011f\u0131m\u0131z analizlere dayanarak, benzersiz \u0130K ihtiya\u00e7lar\u0131n\u0131za y\u00f6nelik \u00f6zel stratejiler geli\u015ftiriyoruz. Eylem planlar\u0131m\u0131z, organizasyonel hedeflerinize ula\u015fman\u0131za yard\u0131mc\u0131 olacak \u015fekilde \u00f6zel olarak tasarlanm\u0131\u015ft\u0131r.<\/p>\n<p>[\/et_pb_accordion_item][et_pb_accordion_item title=&#8221;S\u00fcrekli Destek&#8221; _builder_version=&#8221;4.27.4&#8243; _module_preset=&#8221;default&#8221; global_colors_info=&#8221;{}&#8221; open=&#8221;off&#8221;]<\/p>\n<p>Ortakl\u0131\u011f\u0131m\u0131z, ba\u015flang\u0131\u00e7taki projeyle s\u0131n\u0131rl\u0131 kalmaz. \u0130K alan\u0131n\u0131zdaki yeni zorluklarla ba\u015fa \u00e7\u0131kman\u0131za ve ortaya \u00e7\u0131kan f\u0131rsatlardan yararlanman\u0131za yard\u0131mc\u0131 olmak i\u00e7in s\u00fcrekli destek ve rehberlik sa\u011fl\u0131yoruz.<\/p>\n<p>[\/et_pb_accordion_item][\/et_pb_accordion][\/et_pb_column][et_pb_column type=&#8221;1_2&#8243; _builder_version=&#8221;4.27.3&#8243; _module_preset=&#8221;default&#8221; custom_padding=&#8221;0px||||false|false&#8221; global_colors_info=&#8221;{}&#8221;][et_pb_image src=&#8221;https:\/\/www.indigoyelo.co.uk\/tr\/wp-content\/uploads\/2024\/11\/58425748_two-young-business-women-meeting-for-interview-uds-scaled.jpg&#8221; title_text=&#8221;Two young business women meeting for interview. uds&#8221; _builder_version=&#8221;4.27.3&#8243; _module_preset=&#8221;15db61b0-4593-471f-9e24-f844968bc5c7&#8243; global_colors_info=&#8221;{}&#8221;][\/et_pb_image][\/et_pb_column][\/et_pb_row][\/et_pb_section][et_pb_section fb_built=&#8221;1&#8243; admin_label=&#8221;Subscribe&#8221; _builder_version=&#8221;4.27.4&#8243; _module_preset=&#8221;default&#8221; background_color=&#8221;rgba(61,115,255,0.27)&#8221; custom_padding=&#8221;6vw||6vw||true|false&#8221; locked=&#8221;off&#8221; collapsed=&#8221;on&#8221; global_colors_info=&#8221;{}&#8221;][et_pb_row _builder_version=&#8221;4.25.2&#8243; _module_preset=&#8221;default&#8221; global_colors_info=&#8221;{}&#8221;][et_pb_column type=&#8221;4_4&#8243; _builder_version=&#8221;4.22.0&#8243; _module_preset=&#8221;default&#8221;][et_pb_cta title=&#8221;Uzman Dan\u0131\u015fmanl\u0131k Hizmetlerimizle Organizasyonunuzun Potansiyelini Ortaya \u00c7\u0131kar\u0131n&#8221; button_url=&#8221;https:\/\/www.indigoyelo.co.uk\/tr\/?page_id=404&#8243; button_text=&#8221;Ba\u015flay\u0131n&#8221; _builder_version=&#8221;4.27.4&#8243; _module_preset=&#8221;f6c65256-e3d5-41c1-9706-bb3dc2e9c712&#8243; header_text_color=&#8221;#0C71C3&#8243; body_text_color=&#8221;#0C71C3&#8243; max_width=&#8221;800px&#8221; module_alignment=&#8221;center&#8221; global_colors_info=&#8221;{}&#8221;]<\/p>\n<p>\u0130\u015fletmenizi bir \u00fcst seviyeye ta\u015f\u0131mak m\u0131 istiyorsunuz? Uzman dan\u0131\u015fmanlar\u0131m\u0131z size yard\u0131mc\u0131 olmak i\u00e7in burada. Y\u0131llar\u0131n tecr\u00fcbesi ve kan\u0131tlanm\u0131\u015f ba\u015far\u0131 ge\u00e7mi\u015fi ile s\u00fcrd\u00fcr\u00fclebilir b\u00fcy\u00fcme ve k\u00e2rl\u0131l\u0131\u011fa do\u011fru size rehberlik etmek i\u00e7in gereken bilgi ve becerilere sahibiz. Organizasyonunuzda yeni f\u0131rsatlar\u0131n kilidini a\u00e7mak ve zorluklar\u0131n \u00fcstesinden gelmek i\u00e7in sizinle i\u015f birli\u011fi yapal\u0131m.<\/p>\n<p>[\/et_pb_cta][\/et_pb_column][\/et_pb_row][\/et_pb_section]<\/p>\n","protected":false},"excerpt":{"rendered":"<p>Dan\u0131\u015fmanlar\u0131m\u0131z, yasal uyumlulu\u011funuzu, politika ve prosed\u00fcrlerinizi, i\u015fe al\u0131m ve se\u00e7im s\u00fcre\u00e7lerinizi, \u00e7al\u0131\u015fan performans y\u00f6netiminizi ve \u00fccretlendirme ile yan haklar\u0131n\u0131z\u0131, dahili bir \u0130K fonksiyonuna benzer maliyetlerle y\u00f6netmenize yard\u0131mc\u0131 olur.\u00c7al\u0131\u015fan ve i\u015fveren aras\u0131ndaki g\u00fcnl\u00fck ileti\u015fimleri y\u00f6nlendiren y\u00f6nergeleri belirleyen bir \u00e7al\u0131\u015fan el kitab\u0131 geli\u015ftiriyoruz. Bu el kitab\u0131, olas\u0131 yanl\u0131\u015f anlamalar\u0131 ve potansiyel \u00e7at\u0131\u015fmalar\u0131 en aza indirmeye hizmet edecektir.Indigo [&hellip;]<\/p>\n","protected":false},"author":1,"featured_media":0,"parent":0,"menu_order":0,"comment_status":"closed","ping_status":"closed","template":"","meta":{"_et_pb_use_builder":"on","_et_pb_old_content":"","_et_gb_content_width":"","footnotes":""},"class_list":["post-77","page","type-page","status-publish","hentry"],"_links":{"self":[{"href":"https:\/\/www.indigoyelo.co.uk\/tr\/index.php\/wp-json\/wp\/v2\/pages\/77","targetHints":{"allow":["GET"]}}],"collection":[{"href":"https:\/\/www.indigoyelo.co.uk\/tr\/index.php\/wp-json\/wp\/v2\/pages"}],"about":[{"href":"https:\/\/www.indigoyelo.co.uk\/tr\/index.php\/wp-json\/wp\/v2\/types\/page"}],"author":[{"embeddable":true,"href":"https:\/\/www.indigoyelo.co.uk\/tr\/index.php\/wp-json\/wp\/v2\/users\/1"}],"replies":[{"embeddable":true,"href":"https:\/\/www.indigoyelo.co.uk\/tr\/index.php\/wp-json\/wp\/v2\/comments?post=77"}],"version-history":[{"count":30,"href":"https:\/\/www.indigoyelo.co.uk\/tr\/index.php\/wp-json\/wp\/v2\/pages\/77\/revisions"}],"predecessor-version":[{"id":368257,"href":"https:\/\/www.indigoyelo.co.uk\/tr\/index.php\/wp-json\/wp\/v2\/pages\/77\/revisions\/368257"}],"wp:attachment":[{"href":"https:\/\/www.indigoyelo.co.uk\/tr\/index.php\/wp-json\/wp\/v2\/media?parent=77"}],"curies":[{"name":"wp","href":"https:\/\/api.w.org\/{rel}","templated":true}]}}